{"id":44,"date":"2021-09-02T14:46:58","date_gmt":"2021-09-02T14:46:58","guid":{"rendered":"http:\/\/hausmeister-service-schulz.de.116-202-213-105.web106.enerspace.de\/?page_id=44"},"modified":"2025-01-17T20:04:54","modified_gmt":"2025-01-17T20:04:54","slug":"gartenbau-und-pflege","status":"publish","type":"page","link":"https:\/\/www.hausmeister-service-schulz.de\/?page_id=44","title":{"rendered":"Gartenbau und -pflege"},"content":{"rendered":"\n<p>Sie haben viel Energie in die Neugestaltung Ihres Gartens investiert und sich ein kleines Paradies geschaffen. Jetzt geht es darum, dass Ihr Garten auch so sch\u00f6n bleibt. F\u00fcr die regelm\u00e4\u00dfige Gartenpflege braucht es aber einerseits Zeit und auf der anderen Seite Erfahrung und Kompetenz.<\/p>\n\n\n\n<p>Ob Rasenm\u00e4hen, J\u00e4ten, der Heckenschnitt oder das regelm\u00e4\u00dfige Beschneiden Ihrer Obstb\u00e4ume und Ziergeh\u00f6lze: Wir kommen zu jeder Zeit des Jahres zu Ihnen und sorgen daf\u00fcr, dass Sie 365 Tage lang Freude an Ihrer Gartenlandschaft haben. <\/p>\n\n\n\n<p>Wir bieten die Garten- und Gr\u00fcnpflege sowohl f\u00fcr Privatkunden als auch f\u00fcr Hausverwaltungen, Unternehmen und die \u00f6ffentliche Hand an.<\/p>\n\n\n\n<p><\/p>\n","protected":false},"excerpt":{"rendered":"<p>Sie haben viel Energie in die Neugestaltung Ihres Gartens investiert und sich ein kleines Paradies geschaffen. Jetzt geht es darum, dass Ihr Garten auch so sch\u00f6n bleibt. F\u00fcr die regelm\u00e4\u00dfige Gartenpflege braucht es aber einerseits Zeit und auf der anderen Seite Erfahrung und Kompetenz. Ob Rasenm\u00e4hen, J\u00e4ten, der Heckenschnitt oder das regelm\u00e4\u00dfige Beschneiden Ihrer Obstb\u00e4ume [&hellip;]<\/p>\n","protected":false},"author":1,"featured_media":93,"parent":0,"menu_order":0,"comment_status":"closed","ping_status":"closed","template":"","meta":{"footnotes":""},"class_list":["post-44","page","type-page","status-publish","has-post-thumbnail","hentry"],"_links":{"self":[{"href":"https:\/\/www.hausmeister-service-schulz.de\/index.php?rest_route=\/wp\/v2\/pages\/44","targetHints":{"allow":["GET"]}}],"collection":[{"href":"https:\/\/www.hausmeister-service-schulz.de\/index.php?rest_route=\/wp\/v2\/pages"}],"about":[{"href":"https:\/\/www.hausmeister-service-schulz.de\/index.php?rest_route=\/wp\/v2\/types\/page"}],"author":[{"embeddable":true,"href":"https:\/\/www.hausmeister-service-schulz.de\/index.php?rest_route=\/wp\/v2\/users\/1"}],"replies":[{"embeddable":true,"href":"https:\/\/www.hausmeister-service-schulz.de\/index.php?rest_route=%2Fwp%2Fv2%2Fcomments&post=44"}],"version-history":[{"count":3,"href":"https:\/\/www.hausmeister-service-schulz.de\/index.php?rest_route=\/wp\/v2\/pages\/44\/revisions"}],"predecessor-version":[{"id":149,"href":"https:\/\/www.hausmeister-service-schulz.de\/index.php?rest_route=\/wp\/v2\/pages\/44\/revisions\/149"}],"wp:featuredmedia":[{"embeddable":true,"href":"https:\/\/www.hausmeister-service-schulz.de\/index.php?rest_route=\/wp\/v2\/media\/93"}],"wp:attachment":[{"href":"https:\/\/www.hausmeister-service-schulz.de\/index.php?rest_route=%2Fwp%2Fv2%2Fmedia&parent=44"}],"curies":[{"name":"wp","href":"https:\/\/api.w.org\/{rel}","templated":true}]}}