{"id":55,"date":"2021-09-08T16:01:16","date_gmt":"2021-09-08T16:01:16","guid":{"rendered":"http:\/\/hausmeister-service-schulz.de.116-202-213-105.web106.enerspace.de\/?page_id=55"},"modified":"2021-09-08T17:30:28","modified_gmt":"2021-09-08T17:30:28","slug":"objektpflege","status":"publish","type":"page","link":"https:\/\/www.hausmeister-service-schulz.de\/?page_id=55","title":{"rendered":"Objektpflege"},"content":{"rendered":"\n<p class=\"has-text-align-center\" style=\"font-size:60px\"><strong>Frei planbare Objektpflege<\/strong><\/p>\n\n\n\n<p>Unsere Kunden erhalten bei der Objektpflege einen individuellen Hausmeisterservice, der auf Ihre pers\u00f6nlichen Bed\u00fcrfnisse gemeinsam abgestimmt wird.<\/p>\n\n\n\n<p>Bei den durch uns betreuten Objekten handelt es sich um Ein- und Mehrfamilienh\u00e4user sowie \u00f6ffentliche und gewerbliche Immobilien.<\/p>\n\n\n\n<p><strong>Ihre Vorteile mit unserem Hausmeisterservice<\/strong><\/p>\n\n\n\n<p>Zeitgewinn!<\/p>\n\n\n\n<p>Mit unseren hochwertigen Hausmeisterleistungen halten wir Ihnen den R\u00fccken frei, damit Sie weiterhin ihren anderen wichtigen T\u00e4tigkeiten ungehindert nachgehen k\u00f6nnen. Wir sind als starkes Hausmeisterteam an der Seite unserer Kunden.<\/p>\n\n\n\n<p>Zuverl\u00e4ssigkeit!<\/p>\n\n\n\n<p>Wir \u00fcbernehmen sehr wichtige Aufgaben im Bereich der Objektbetreuung. Bei den Objekten ist das <strong>p\u00fcnktliche<\/strong> Bereitstellen der M\u00fclltonnen und beim Winterdienst das <strong>rechtzeitige<\/strong> R\u00e4umen der Wege sehr wichtig.<\/p>\n\n\n\n<p><strong>Qualit\u00e4t <\/strong>und <strong>Vertrauen<\/strong> sind ebenfalls unabdingbar, da es bei der Hausmeisterleistung schlie\u00dflich um Ihre Immobilie geht, die betreut werden soll. Unsere Qualit\u00e4t zeichnet sich nicht nur durch die professionelle und gewissenhafte Ausf\u00fchrung unserer T\u00e4tigkeiten aus, sondern dar\u00fcber hinaus sind wir bei einem<strong> Notfall f\u00fcr Sie 24 Stunden<\/strong> erreichbar.<\/p>\n","protected":false},"excerpt":{"rendered":"<p>Frei planbare Objektpflege Unsere Kunden erhalten bei der Objektpflege einen individuellen Hausmeisterservice, der auf Ihre pers\u00f6nlichen Bed\u00fcrfnisse gemeinsam abgestimmt wird. Bei den durch uns betreuten Objekten handelt es sich um Ein- und Mehrfamilienh\u00e4user sowie \u00f6ffentliche und gewerbliche Immobilien. Ihre Vorteile mit unserem Hausmeisterservice Zeitgewinn! Mit unseren hochwertigen Hausmeisterleistungen halten wir Ihnen den R\u00fccken frei, damit [&hellip;]<\/p>\n","protected":false},"author":1,"featured_media":96,"parent":0,"menu_order":0,"comment_status":"closed","ping_status":"closed","template":"","meta":{"footnotes":""},"class_list":["post-55","page","type-page","status-publish","has-post-thumbnail","hentry"],"_links":{"self":[{"href":"https:\/\/www.hausmeister-service-schulz.de\/index.php?rest_route=\/wp\/v2\/pages\/55","targetHints":{"allow":["GET"]}}],"collection":[{"href":"https:\/\/www.hausmeister-service-schulz.de\/index.php?rest_route=\/wp\/v2\/pages"}],"about":[{"href":"https:\/\/www.hausmeister-service-schulz.de\/index.php?rest_route=\/wp\/v2\/types\/page"}],"author":[{"embeddable":true,"href":"https:\/\/www.hausmeister-service-schulz.de\/index.php?rest_route=\/wp\/v2\/users\/1"}],"replies":[{"embeddable":true,"href":"https:\/\/www.hausmeister-service-schulz.de\/index.php?rest_route=%2Fwp%2Fv2%2Fcomments&post=55"}],"version-history":[{"count":4,"href":"https:\/\/www.hausmeister-service-schulz.de\/index.php?rest_route=\/wp\/v2\/pages\/55\/revisions"}],"predecessor-version":[{"id":104,"href":"https:\/\/www.hausmeister-service-schulz.de\/index.php?rest_route=\/wp\/v2\/pages\/55\/revisions\/104"}],"wp:featuredmedia":[{"embeddable":true,"href":"https:\/\/www.hausmeister-service-schulz.de\/index.php?rest_route=\/wp\/v2\/media\/96"}],"wp:attachment":[{"href":"https:\/\/www.hausmeister-service-schulz.de\/index.php?rest_route=%2Fwp%2Fv2%2Fmedia&parent=55"}],"curies":[{"name":"wp","href":"https:\/\/api.w.org\/{rel}","templated":true}]}}