{"id":59,"date":"2021-09-08T16:59:57","date_gmt":"2021-09-08T16:59:57","guid":{"rendered":"http:\/\/hausmeister-service-schulz.de.116-202-213-105.web106.enerspace.de\/?page_id=59"},"modified":"2021-09-08T17:48:17","modified_gmt":"2021-09-08T17:48:17","slug":"winterdienst","status":"publish","type":"page","link":"https:\/\/www.hausmeister-service-schulz.de\/?page_id=59","title":{"rendered":"Winterdienst"},"content":{"rendered":"\n<p>Um einen optimalen Einsatzablauf zu gew\u00e4hrleisten, werden von uns st\u00e4ndige Wetterbeobachtungen durchgef\u00fchrt. Somit k\u00f6nnen Sie den Winter in Ruhe genie\u00dfen. <\/p>\n\n\n\n<p>Vom kleinsten Gehsteig bis zum gr\u00f6\u00dften Firmenanwesen, \u00fcbernehmen wir Ihre Pflichten der Immobilienbetreuung. Wir r\u00e4umen und streuen alle Fl\u00e4chen, die Sie sich w\u00fcnschen. Gro\u00dffl\u00e4chen, Parkpl\u00e4tze, Gehwege, Tiefgaragen, Innenh\u00f6fe, Hauszug\u00e4nge,\u2026geh\u00f6ren auch dazu.<\/p>\n\n\n\n<p>Die Leistung umfasst eine durchg\u00e4ngige Betreuung der Immobilienanlage in der kalten Jahreszeit. Sie \u00fcbergeben uns Ihre Pflichten der Hausbetreuung und wir \u00fcbernehmen die ordnungsgem\u00e4\u00dfe R\u00e4umung und Streuung der Objekte. Die Durchf\u00fchrung erfolgt automatisch und ohne weitere zus\u00e4tzliche Aufforderung je nach Wetterlage mehrmals t\u00e4glich. Laufende Sicherheitskontrollen erfolgen bei Bedarf entsprechend den Wetterwarnungen.<\/p>\n\n\n\n<p>Fragen Sie unverbindlich bei uns an!<\/p>\n","protected":false},"excerpt":{"rendered":"<p>Um einen optimalen Einsatzablauf zu gew\u00e4hrleisten, werden von uns st\u00e4ndige Wetterbeobachtungen durchgef\u00fchrt. Somit k\u00f6nnen Sie den Winter in Ruhe genie\u00dfen. Vom kleinsten Gehsteig bis zum gr\u00f6\u00dften Firmenanwesen, \u00fcbernehmen wir Ihre Pflichten der Immobilienbetreuung. Wir r\u00e4umen und streuen alle Fl\u00e4chen, die Sie sich w\u00fcnschen. Gro\u00dffl\u00e4chen, Parkpl\u00e4tze, Gehwege, Tiefgaragen, Innenh\u00f6fe, Hauszug\u00e4nge,\u2026geh\u00f6ren auch dazu. Die Leistung umfasst eine [&hellip;]<\/p>\n","protected":false},"author":1,"featured_media":95,"parent":0,"menu_order":0,"comment_status":"closed","ping_status":"closed","template":"","meta":{"footnotes":""},"class_list":["post-59","page","type-page","status-publish","has-post-thumbnail","hentry"],"_links":{"self":[{"href":"https:\/\/www.hausmeister-service-schulz.de\/index.php?rest_route=\/wp\/v2\/pages\/59","targetHints":{"allow":["GET"]}}],"collection":[{"href":"https:\/\/www.hausmeister-service-schulz.de\/index.php?rest_route=\/wp\/v2\/pages"}],"about":[{"href":"https:\/\/www.hausmeister-service-schulz.de\/index.php?rest_route=\/wp\/v2\/types\/page"}],"author":[{"embeddable":true,"href":"https:\/\/www.hausmeister-service-schulz.de\/index.php?rest_route=\/wp\/v2\/users\/1"}],"replies":[{"embeddable":true,"href":"https:\/\/www.hausmeister-service-schulz.de\/index.php?rest_route=%2Fwp%2Fv2%2Fcomments&post=59"}],"version-history":[{"count":3,"href":"https:\/\/www.hausmeister-service-schulz.de\/index.php?rest_route=\/wp\/v2\/pages\/59\/revisions"}],"predecessor-version":[{"id":153,"href":"https:\/\/www.hausmeister-service-schulz.de\/index.php?rest_route=\/wp\/v2\/pages\/59\/revisions\/153"}],"wp:featuredmedia":[{"embeddable":true,"href":"https:\/\/www.hausmeister-service-schulz.de\/index.php?rest_route=\/wp\/v2\/media\/95"}],"wp:attachment":[{"href":"https:\/\/www.hausmeister-service-schulz.de\/index.php?rest_route=%2Fwp%2Fv2%2Fmedia&parent=59"}],"curies":[{"name":"wp","href":"https:\/\/api.w.org\/{rel}","templated":true}]}}