{"id":7,"date":"2021-09-02T12:07:06","date_gmt":"2021-09-02T12:07:06","guid":{"rendered":"http:\/\/hausmeister-service-schulz.de.116-202-213-105.web106.enerspace.de\/?page_id=7"},"modified":"2025-01-17T20:11:19","modified_gmt":"2025-01-17T20:11:19","slug":"the-new-umoma-opens-its-doors-2","status":"publish","type":"page","link":"https:\/\/www.hausmeister-service-schulz.de\/","title":{"rendered":"Hausmeisterservice Schulz GmbH Partner rund um Haus und Hof f\u00fcr:"},"content":{"rendered":"\n<div class=\"wp-block-group alignwide\"><div class=\"wp-block-group__inner-container is-layout-flow wp-block-group-is-layout-flow\">\n<figure class=\"wp-block-image alignfull size-large\"><img loading=\"lazy\" decoding=\"async\" width=\"1024\" height=\"349\" src=\"https:\/\/www.hausmeister-service-schulz.de\/wp-content\/uploads\/2022\/11\/schild-44x15cm-schulz-gmbh-pdf-1024x349.jpg\" alt=\"\" class=\"wp-image-187\"\/><figcaption class=\"wp-element-caption\"><em><sup><code><span class=\"has-inline-color has-secondary-color\">                                                                                                                                                          AdobeStock-Alberto Masnovo<\/span><\/code><\/sup><\/em><\/figcaption><\/figure>\n\n\n\n<h3 class=\"wp-block-heading has-text-align-center\">Hauseigent\u00fcmer (Privat und Vermietung)<\/h3>\n\n\n\n<h3 class=\"wp-block-heading has-text-align-center\">Wohnungseigent\u00fcmer-gemeinschaften<\/h3>\n\n\n\n<h3 class=\"wp-block-heading has-text-align-center\">Hausverwaltungen <\/h3>\n\n\n\n<h3 class=\"wp-block-heading has-text-align-center\">Industriebetriebe<\/h3>\n<\/div><\/div>\n\n\n\n<div class=\"wp-block-columns alignwide is-layout-flex wp-container-core-columns-is-layout-9d6595d7 wp-block-columns-is-layout-flex\">\n<div class=\"wp-block-column is-layout-flow wp-block-column-is-layout-flow\">\n<div class=\"wp-block-group\"><div class=\"wp-block-group__inner-container is-layout-flow wp-block-group-is-layout-flow\">\n<figure class=\"wp-block-image alignfull size-large\"><img loading=\"lazy\" decoding=\"async\" width=\"1024\" height=\"683\" src=\"http:\/\/hausmeister-service-schulz.de.116-202-213-105.web106.enerspace.de\/wp-content\/uploads\/2021\/09\/AdobeStock_Markus-Glombitza-1024x683.jpeg\" alt=\"\" class=\"wp-image-34\" srcset=\"https:\/\/www.hausmeister-service-schulz.de\/wp-content\/uploads\/2021\/09\/AdobeStock_Markus-Glombitza-1024x683.jpeg 1024w, https:\/\/www.hausmeister-service-schulz.de\/wp-content\/uploads\/2021\/09\/AdobeStock_Markus-Glombitza-300x200.jpeg 300w, https:\/\/www.hausmeister-service-schulz.de\/wp-content\/uploads\/2021\/09\/AdobeStock_Markus-Glombitza-768x512.jpeg 768w, https:\/\/www.hausmeister-service-schulz.de\/wp-content\/uploads\/2021\/09\/AdobeStock_Markus-Glombitza-1536x1024.jpeg 1536w, https:\/\/www.hausmeister-service-schulz.de\/wp-content\/uploads\/2021\/09\/AdobeStock_Markus-Glombitza-2048x1365.jpeg 2048w, https:\/\/www.hausmeister-service-schulz.de\/wp-content\/uploads\/2021\/09\/AdobeStock_Markus-Glombitza-1200x800.jpeg 1200w, https:\/\/www.hausmeister-service-schulz.de\/wp-content\/uploads\/2021\/09\/AdobeStock_Markus-Glombitza-1980x1320.jpeg 1980w\" sizes=\"auto, (max-width: 1024px) 100vw, 1024px\" \/><figcaption class=\"wp-element-caption\">                                                                          <span class=\"has-inline-color has-secondary-color\"><em><sup><code>                   AdobeStock-Markus Glombitza<\/code><\/sup><\/em><\/span><\/figcaption><\/figure>\n\n\n\n<h3 class=\"wp-block-heading\">Objektpflege<\/h3>\n\n\n\n<div class=\"wp-block-button is-style-outline is-style-outline--1\"><a class=\"wp-block-button__link wp-element-button\" href=\"?page_id=55\" target=\"_blank\" rel=\"noreferrer noopener\">Read More<\/a><\/div>\n\n\n\n<p><\/p>\n<\/div><\/div>\n\n\n\n<div class=\"wp-block-group\"><div class=\"wp-block-group__inner-container is-layout-flow wp-block-group-is-layout-flow\">\n<figure class=\"wp-block-image alignfull size-large\"><img loading=\"lazy\" decoding=\"async\" width=\"1024\" height=\"683\" src=\"http:\/\/hausmeister-service-schulz.de.116-202-213-105.web106.enerspace.de\/wp-content\/uploads\/2021\/09\/AdobeStock_ZoomTeam-1024x683.jpeg\" alt=\"AdobeStock-ZoomTeam\" class=\"wp-image-36\" srcset=\"https:\/\/www.hausmeister-service-schulz.de\/wp-content\/uploads\/2021\/09\/AdobeStock_ZoomTeam-1024x683.jpeg 1024w, https:\/\/www.hausmeister-service-schulz.de\/wp-content\/uploads\/2021\/09\/AdobeStock_ZoomTeam-300x200.jpeg 300w, https:\/\/www.hausmeister-service-schulz.de\/wp-content\/uploads\/2021\/09\/AdobeStock_ZoomTeam-768x512.jpeg 768w, https:\/\/www.hausmeister-service-schulz.de\/wp-content\/uploads\/2021\/09\/AdobeStock_ZoomTeam-1536x1024.jpeg 1536w, https:\/\/www.hausmeister-service-schulz.de\/wp-content\/uploads\/2021\/09\/AdobeStock_ZoomTeam-2048x1365.jpeg 2048w, https:\/\/www.hausmeister-service-schulz.de\/wp-content\/uploads\/2021\/09\/AdobeStock_ZoomTeam-1200x800.jpeg 1200w, https:\/\/www.hausmeister-service-schulz.de\/wp-content\/uploads\/2021\/09\/AdobeStock_ZoomTeam-1980x1320.jpeg 1980w\" sizes=\"auto, (max-width: 1024px) 100vw, 1024px\" \/><figcaption class=\"wp-element-caption\">                                                                                                                          <em><sup><code><span class=\"has-inline-color has-secondary-color\">AdobeStock-ZoomTeam<\/span><\/code><\/sup><\/em> <\/figcaption><\/figure>\n\n\n\n<h3 class=\"wp-block-heading\">Gartenbau und -pflege<\/h3>\n\n\n\n<div class=\"wp-block-button is-style-outline is-style-outline--2\"><a class=\"wp-block-button__link wp-element-button\" href=\"?page_id=44\" target=\"_blank\" rel=\"noreferrer noopener\">Read More<\/a><\/div>\n<\/div><\/div>\n<\/div>\n\n\n\n<div class=\"wp-block-column is-layout-flow wp-block-column-is-layout-flow\">\n<div class=\"wp-block-group\"><div class=\"wp-block-group__inner-container is-layout-flow wp-block-group-is-layout-flow\">\n<figure class=\"wp-block-image alignfull size-large\"><img loading=\"lazy\" decoding=\"async\" width=\"1024\" height=\"683\" src=\"http:\/\/hausmeister-service-schulz.de.116-202-213-105.web106.enerspace.de\/wp-content\/uploads\/2021\/09\/AdobeStock_Gerhard-Seybert-1024x683.jpeg\" alt=\"\" class=\"wp-image-33\" srcset=\"https:\/\/www.hausmeister-service-schulz.de\/wp-content\/uploads\/2021\/09\/AdobeStock_Gerhard-Seybert-1024x683.jpeg 1024w, https:\/\/www.hausmeister-service-schulz.de\/wp-content\/uploads\/2021\/09\/AdobeStock_Gerhard-Seybert-300x200.jpeg 300w, https:\/\/www.hausmeister-service-schulz.de\/wp-content\/uploads\/2021\/09\/AdobeStock_Gerhard-Seybert-768x513.jpeg 768w, https:\/\/www.hausmeister-service-schulz.de\/wp-content\/uploads\/2021\/09\/AdobeStock_Gerhard-Seybert-1536x1025.jpeg 1536w, https:\/\/www.hausmeister-service-schulz.de\/wp-content\/uploads\/2021\/09\/AdobeStock_Gerhard-Seybert-2048x1367.jpeg 2048w, https:\/\/www.hausmeister-service-schulz.de\/wp-content\/uploads\/2021\/09\/AdobeStock_Gerhard-Seybert-1200x801.jpeg 1200w, https:\/\/www.hausmeister-service-schulz.de\/wp-content\/uploads\/2021\/09\/AdobeStock_Gerhard-Seybert-1980x1321.jpeg 1980w\" sizes=\"auto, (max-width: 1024px) 100vw, 1024px\" \/><figcaption class=\"wp-element-caption\"><em><code><sup><span class=\"has-inline-color has-secondary-color\">                                                              AdobeStock-Gerhard Seybert<\/span><\/sup><\/code><\/em><\/figcaption><\/figure>\n\n\n\n<h3 class=\"wp-block-heading\">Renovierung &amp; Sanierung<\/h3>\n\n\n\n<div class=\"wp-block-button is-style-outline is-style-outline--3\"><a class=\"wp-block-button__link wp-element-button\" href=\"?page_id=57\" target=\"_blank\" rel=\"noreferrer noopener\">Read More<\/a><\/div>\n<\/div><\/div>\n\n\n\n<div class=\"wp-block-group\"><div class=\"wp-block-group__inner-container is-layout-flow wp-block-group-is-layout-flow\">\n<figure class=\"wp-block-image alignfull size-large\"><img loading=\"lazy\" decoding=\"async\" width=\"1024\" height=\"680\" src=\"http:\/\/hausmeister-service-schulz.de.116-202-213-105.web106.enerspace.de\/wp-content\/uploads\/2021\/09\/AdobeStock_VRD-1024x680.jpeg\" alt=\"\" class=\"wp-image-35\" srcset=\"https:\/\/www.hausmeister-service-schulz.de\/wp-content\/uploads\/2021\/09\/AdobeStock_VRD-1024x680.jpeg 1024w, https:\/\/www.hausmeister-service-schulz.de\/wp-content\/uploads\/2021\/09\/AdobeStock_VRD-300x199.jpeg 300w, https:\/\/www.hausmeister-service-schulz.de\/wp-content\/uploads\/2021\/09\/AdobeStock_VRD-768x510.jpeg 768w, https:\/\/www.hausmeister-service-schulz.de\/wp-content\/uploads\/2021\/09\/AdobeStock_VRD-1536x1020.jpeg 1536w, https:\/\/www.hausmeister-service-schulz.de\/wp-content\/uploads\/2021\/09\/AdobeStock_VRD-2048x1360.jpeg 2048w, https:\/\/www.hausmeister-service-schulz.de\/wp-content\/uploads\/2021\/09\/AdobeStock_VRD-1200x797.jpeg 1200w, https:\/\/www.hausmeister-service-schulz.de\/wp-content\/uploads\/2021\/09\/AdobeStock_VRD-1980x1315.jpeg 1980w\" sizes=\"auto, (max-width: 1024px) 100vw, 1024px\" \/><figcaption class=\"wp-element-caption\">                                                                                                                                   <em><sup><code><span class=\"has-inline-color has-secondary-color\">AdobeStock-VRD<\/span><\/code><\/sup><\/em><\/figcaption><\/figure>\n\n\n\n<h3 class=\"wp-block-heading\">Winterdienst<\/h3>\n\n\n\n<div class=\"wp-block-button is-style-outline is-style-outline--4\"><a class=\"wp-block-button__link wp-element-button\" href=\"?page_id=59\" target=\"_blank\" rel=\"noreferrer noopener\">Read More<\/a><\/div>\n<\/div><\/div>\n<\/div>\n<\/div>\n\n\n\n<div class=\"wp-block-group alignwide\"><div class=\"wp-block-group__inner-container is-layout-flow wp-block-group-is-layout-flow\">\n<h2 class=\"wp-block-heading has-text-align-center has-accent-color has-text-color\">\u201cSeit Jahrzehnten sind wir Ihr zuverl\u00e4ssiger Partner\u201d<\/h2>\n<\/div><\/div>\n\n\n\n<p class=\"has-drop-cap\">Mit viel Herz und Verstand besch\u00e4ftigen wir uns seit 2010 um alles, was Wohnen und Leben zuhause sch\u00f6ner macht. Mit dieser langj\u00e4hrigen Erfahrung und dem Schwerpunkt auf Kundenzufriedenheit gerichtet, k\u00f6nnen Sie uns Ihre Objekte ruhigen Gewissens anvertrauen.<\/p>\n\n\n\n<p>Wir bieten privaten wie gewerblichen Kunden einen professionellen Service an!<\/p>\n\n\n\n<p>Zuverl\u00e4ssig &#8211; Professionell &#8211; Fristgerecht <\/p>\n\n\n\n<p><\/p>\n\n\n\n<div class=\"wp-block-group alignwide has-background\" style=\"background-color:#ffffff\"><div class=\"wp-block-group__inner-container is-layout-flow wp-block-group-is-layout-flow\">\n<div class=\"wp-block-group\"><div class=\"wp-block-group__inner-container is-layout-flow wp-block-group-is-layout-flow\">\n<h2 class=\"wp-block-heading has-text-align-center\">Sie brauchen Unterst\u00fctzung?<\/h2>\n\n\n\n<p class=\"has-text-align-center\">Nehmen Sie gerne mit uns Kontakt auf:<br>hausmeisterdienst(a)posteo.de<br>Tel.: 0151 \/ 19454666<\/p>\n\n\n\n\n\n<p><\/p>\n<\/div><\/div>\n<\/div><\/div>\n\n\n\n<figure class=\"wp-block-gallery alignwide has-nested-images columns-default is-cropped wp-block-gallery-5 is-layout-flex wp-block-gallery-is-layout-flex\">\n<figure class=\"wp-block-image size-large\"><img loading=\"lazy\" decoding=\"async\" width=\"1024\" height=\"683\" data-id=\"90\" src=\"http:\/\/hausmeister-service-schulz.de.116-202-213-105.web106.enerspace.de\/wp-content\/uploads\/2021\/09\/AdobeStock_RawPixel.com_-1024x683.jpeg\" alt=\"\" class=\"wp-image-90\" srcset=\"https:\/\/www.hausmeister-service-schulz.de\/wp-content\/uploads\/2021\/09\/AdobeStock_RawPixel.com_-1024x683.jpeg 1024w, https:\/\/www.hausmeister-service-schulz.de\/wp-content\/uploads\/2021\/09\/AdobeStock_RawPixel.com_-300x200.jpeg 300w, https:\/\/www.hausmeister-service-schulz.de\/wp-content\/uploads\/2021\/09\/AdobeStock_RawPixel.com_-768x513.jpeg 768w, https:\/\/www.hausmeister-service-schulz.de\/wp-content\/uploads\/2021\/09\/AdobeStock_RawPixel.com_-1536x1025.jpeg 1536w, https:\/\/www.hausmeister-service-schulz.de\/wp-content\/uploads\/2021\/09\/AdobeStock_RawPixel.com_-2048x1367.jpeg 2048w, https:\/\/www.hausmeister-service-schulz.de\/wp-content\/uploads\/2021\/09\/AdobeStock_RawPixel.com_-1200x801.jpeg 1200w, https:\/\/www.hausmeister-service-schulz.de\/wp-content\/uploads\/2021\/09\/AdobeStock_RawPixel.com_-1980x1321.jpeg 1980w\" sizes=\"auto, (max-width: 1024px) 100vw, 1024px\" \/><figcaption class=\"wp-element-caption\">Unser Team ist f\u00fcr Sie da!<\/figcaption><\/figure>\n\n\n\n<figure class=\"wp-block-image size-large\"><img loading=\"lazy\" decoding=\"async\" width=\"1024\" height=\"725\" data-id=\"87\" src=\"http:\/\/hausmeister-service-schulz.de.116-202-213-105.web106.enerspace.de\/wp-content\/uploads\/2021\/09\/AdobeStock_by-Studio-1024x725.jpeg\" alt=\"\" class=\"wp-image-87\" srcset=\"https:\/\/www.hausmeister-service-schulz.de\/wp-content\/uploads\/2021\/09\/AdobeStock_by-Studio-1024x725.jpeg 1024w, https:\/\/www.hausmeister-service-schulz.de\/wp-content\/uploads\/2021\/09\/AdobeStock_by-Studio-300x212.jpeg 300w, https:\/\/www.hausmeister-service-schulz.de\/wp-content\/uploads\/2021\/09\/AdobeStock_by-Studio-768x544.jpeg 768w, https:\/\/www.hausmeister-service-schulz.de\/wp-content\/uploads\/2021\/09\/AdobeStock_by-Studio-1536x1087.jpeg 1536w, https:\/\/www.hausmeister-service-schulz.de\/wp-content\/uploads\/2021\/09\/AdobeStock_by-Studio-2048x1449.jpeg 2048w, https:\/\/www.hausmeister-service-schulz.de\/wp-content\/uploads\/2021\/09\/AdobeStock_by-Studio-1200x849.jpeg 1200w, https:\/\/www.hausmeister-service-schulz.de\/wp-content\/uploads\/2021\/09\/AdobeStock_by-Studio-1980x1401.jpeg 1980w\" sizes=\"auto, (max-width: 1024px) 100vw, 1024px\" \/><figcaption class=\"wp-element-caption\">Im Notfall f\u00fcr Sie da!<\/figcaption><\/figure>\n<\/figure>\n","protected":false},"excerpt":{"rendered":"<p>Hauseigent\u00fcmer (Privat und Vermietung) Wohnungseigent\u00fcmer-gemeinschaften Hausverwaltungen Industriebetriebe Objektpflege Gartenbau und -pflege Renovierung &amp; Sanierung Winterdienst \u201cSeit Jahrzehnten sind wir Ihr zuverl\u00e4ssiger Partner\u201d Mit viel Herz und Verstand besch\u00e4ftigen wir uns seit 2010 um alles, was Wohnen und Leben zuhause sch\u00f6ner macht. Mit dieser langj\u00e4hrigen Erfahrung und dem Schwerpunkt auf Kundenzufriedenheit gerichtet, k\u00f6nnen Sie uns Ihre [&hellip;]<\/p>\n","protected":false},"author":1,"featured_media":0,"parent":0,"menu_order":0,"comment_status":"closed","ping_status":"closed","template":"","meta":{"footnotes":""},"class_list":["post-7","page","type-page","status-publish","hentry"],"_links":{"self":[{"href":"https:\/\/www.hausmeister-service-schulz.de\/index.php?rest_route=\/wp\/v2\/pages\/7","targetHints":{"allow":["GET"]}}],"collection":[{"href":"https:\/\/www.hausmeister-service-schulz.de\/index.php?rest_route=\/wp\/v2\/pages"}],"about":[{"href":"https:\/\/www.hausmeister-service-schulz.de\/index.php?rest_route=\/wp\/v2\/types\/page"}],"author":[{"embeddable":true,"href":"https:\/\/www.hausmeister-service-schulz.de\/index.php?rest_route=\/wp\/v2\/users\/1"}],"replies":[{"embeddable":true,"href":"https:\/\/www.hausmeister-service-schulz.de\/index.php?rest_route=%2Fwp%2Fv2%2Fcomments&post=7"}],"version-history":[{"count":46,"href":"https:\/\/www.hausmeister-service-schulz.de\/index.php?rest_route=\/wp\/v2\/pages\/7\/revisions"}],"predecessor-version":[{"id":198,"href":"https:\/\/www.hausmeister-service-schulz.de\/index.php?rest_route=\/wp\/v2\/pages\/7\/revisions\/198"}],"wp:attachment":[{"href":"https:\/\/www.hausmeister-service-schulz.de\/index.php?rest_route=%2Fwp%2Fv2%2Fmedia&parent=7"}],"curies":[{"name":"wp","href":"https:\/\/api.w.org\/{rel}","templated":true}]}}