{"id":8,"date":"2021-09-02T12:07:06","date_gmt":"2021-09-02T12:07:06","guid":{"rendered":"http:\/\/hausmeister-service-schulz.de.116-202-213-105.web106.enerspace.de\/?page_id=8"},"modified":"2025-01-11T20:01:56","modified_gmt":"2025-01-11T20:01:56","slug":"ueber-uns","status":"publish","type":"page","link":"https:\/\/www.hausmeister-service-schulz.de\/?page_id=8","title":{"rendered":"\u00dcber uns"},"content":{"rendered":"\n<div class=\"wp-block-group alignwide\"><div class=\"wp-block-group__inner-container is-layout-flow wp-block-group-is-layout-flow\">\n<h2 class=\"wp-block-heading has-text-align-center has-accent-color has-text-color\">\u201cSeit Jahrzehnten sind wir Ihr zuverl\u00e4ssiger Partner\u201d<\/h2>\n<\/div><\/div>\n\n\n\n<p class=\"has-drop-cap\">Mit viel Herz und Verstand besch\u00e4ftigen wir uns seit 2010 um alles, was Wohnen und Leben zuhause sch\u00f6ner macht. Mit dieser langj\u00e4hrigen Erfahrung und dem Schwerpunkt auf Kundenzufriedenheit gerichtet, k\u00f6nnen Sie uns Ihre Objekte ruhigen Gewissens anvertrauen.<\/p>\n\n\n\n<p>Wir bieten privaten wie gewerblichen Kunden einen professionellen Service an!<\/p>\n\n\n\n<p>Zuverl\u00e4ssig &#8211; Professionell &#8211; Fristgerecht <\/p>\n","protected":false},"excerpt":{"rendered":"<p>\u201cSeit Jahrzehnten sind wir Ihr zuverl\u00e4ssiger Partner\u201d Mit viel Herz und Verstand besch\u00e4ftigen wir uns seit 2010 um alles, was Wohnen und Leben zuhause sch\u00f6ner macht. Mit dieser langj\u00e4hrigen Erfahrung und dem Schwerpunkt auf Kundenzufriedenheit gerichtet, k\u00f6nnen Sie uns Ihre Objekte ruhigen Gewissens anvertrauen. Wir bieten privaten wie gewerblichen Kunden einen professionellen Service an! Zuverl\u00e4ssig [&hellip;]<\/p>\n","protected":false},"author":1,"featured_media":91,"parent":0,"menu_order":0,"comment_status":"closed","ping_status":"closed","template":"","meta":{"footnotes":""},"class_list":["post-8","page","type-page","status-publish","has-post-thumbnail","hentry"],"_links":{"self":[{"href":"https:\/\/www.hausmeister-service-schulz.de\/index.php?rest_route=\/wp\/v2\/pages\/8","targetHints":{"allow":["GET"]}}],"collection":[{"href":"https:\/\/www.hausmeister-service-schulz.de\/index.php?rest_route=\/wp\/v2\/pages"}],"about":[{"href":"https:\/\/www.hausmeister-service-schulz.de\/index.php?rest_route=\/wp\/v2\/types\/page"}],"author":[{"embeddable":true,"href":"https:\/\/www.hausmeister-service-schulz.de\/index.php?rest_route=\/wp\/v2\/users\/1"}],"replies":[{"embeddable":true,"href":"https:\/\/www.hausmeister-service-schulz.de\/index.php?rest_route=%2Fwp%2Fv2%2Fcomments&post=8"}],"version-history":[{"count":3,"href":"https:\/\/www.hausmeister-service-schulz.de\/index.php?rest_route=\/wp\/v2\/pages\/8\/revisions"}],"predecessor-version":[{"id":204,"href":"https:\/\/www.hausmeister-service-schulz.de\/index.php?rest_route=\/wp\/v2\/pages\/8\/revisions\/204"}],"wp:featuredmedia":[{"embeddable":true,"href":"https:\/\/www.hausmeister-service-schulz.de\/index.php?rest_route=\/wp\/v2\/media\/91"}],"wp:attachment":[{"href":"https:\/\/www.hausmeister-service-schulz.de\/index.php?rest_route=%2Fwp%2Fv2%2Fmedia&parent=8"}],"curies":[{"name":"wp","href":"https:\/\/api.w.org\/{rel}","templated":true}]}}