{"id":9,"date":"2021-09-02T12:07:06","date_gmt":"2021-09-02T12:07:06","guid":{"rendered":"http:\/\/hausmeister-service-schulz.de.116-202-213-105.web106.enerspace.de\/?page_id=9"},"modified":"2025-01-11T20:51:01","modified_gmt":"2025-01-11T20:51:01","slug":"kontakt","status":"publish","type":"page","link":"https:\/\/www.hausmeister-service-schulz.de\/?page_id=9","title":{"rendered":"Kontakt"},"content":{"rendered":"\n<h2 class=\"wp-block-heading\">Sie haben Fragen, dann sind wir gerne f\u00fcr Sie da: <\/h2>\n\n\n\n<p>Joachim Schulz &amp; Almir Ibrahimagic<\/p>\n\n\n\n<p><strong>Adresse:<\/strong> An der G\u00fcmpgesbr\u00fccke 28; 41564 Kaarst<\/p>\n\n\n\n<p><strong>Mobil:<\/strong>       0151 \/ 19454666 <br><strong>E-Mail: <\/strong>    hausmeisterdienst(a)posteo.de<br><\/p>\n","protected":false},"excerpt":{"rendered":"<p>Sie haben Fragen, dann sind wir gerne f\u00fcr Sie da: Joachim Schulz &amp; Almir Ibrahimagic Adresse: An der G\u00fcmpgesbr\u00fccke 28; 41564 Kaarst Mobil: 0151 \/ 19454666 E-Mail: hausmeisterdienst(a)posteo.de<\/p>\n","protected":false},"author":1,"featured_media":0,"parent":0,"menu_order":0,"comment_status":"closed","ping_status":"closed","template":"","meta":{"footnotes":""},"class_list":["post-9","page","type-page","status-publish","hentry"],"_links":{"self":[{"href":"https:\/\/www.hausmeister-service-schulz.de\/index.php?rest_route=\/wp\/v2\/pages\/9","targetHints":{"allow":["GET"]}}],"collection":[{"href":"https:\/\/www.hausmeister-service-schulz.de\/index.php?rest_route=\/wp\/v2\/pages"}],"about":[{"href":"https:\/\/www.hausmeister-service-schulz.de\/index.php?rest_route=\/wp\/v2\/types\/page"}],"author":[{"embeddable":true,"href":"https:\/\/www.hausmeister-service-schulz.de\/index.php?rest_route=\/wp\/v2\/users\/1"}],"replies":[{"embeddable":true,"href":"https:\/\/www.hausmeister-service-schulz.de\/index.php?rest_route=%2Fwp%2Fv2%2Fcomments&post=9"}],"version-history":[{"count":10,"href":"https:\/\/www.hausmeister-service-schulz.de\/index.php?rest_route=\/wp\/v2\/pages\/9\/revisions"}],"predecessor-version":[{"id":206,"href":"https:\/\/www.hausmeister-service-schulz.de\/index.php?rest_route=\/wp\/v2\/pages\/9\/revisions\/206"}],"wp:attachment":[{"href":"https:\/\/www.hausmeister-service-schulz.de\/index.php?rest_route=%2Fwp%2Fv2%2Fmedia&parent=9"}],"curies":[{"name":"wp","href":"https:\/\/api.w.org\/{rel}","templated":true}]}}